{"id":23,"date":"2016-01-22T11:53:22","date_gmt":"2016-01-22T10:53:22","guid":{"rendered":"http:\/\/www.hackbrett-band.at\/wordpress\/?page_id=23"},"modified":"2023-09-14T15:43:53","modified_gmt":"2023-09-14T13:43:53","slug":"helmut-richter","status":"publish","type":"page","link":"https:\/\/www.hackbrett-band.at\/?page_id=23","title":{"rendered":"Heli"},"content":{"rendered":"<h1 style=\"text-align: center;\"><img data-attachment-id=\"977\" data-permalink=\"https:\/\/www.hackbrett-band.at\/?attachment_id=977\" data-orig-file=\"https:\/\/i2.wp.com\/www.hackbrett-band.at\/wordpress\/wp-content\/uploads\/2022\/07\/hackbrett_staw17072021-101.jpg?fit=1575%2C2362&amp;ssl=1\" data-orig-size=\"1575,2362\" data-comments-opened=\"1\" data-image-meta=\"{&quot;aperture&quot;:&quot;4&quot;,&quot;credit&quot;:&quot;&quot;,&quot;camera&quot;:&quot;ILCE-7M3&quot;,&quot;caption&quot;:&quot;&quot;,&quot;created_timestamp&quot;:&quot;1626560110&quot;,&quot;copyright&quot;:&quot;&quot;,&quot;focal_length&quot;:&quot;47&quot;,&quot;iso&quot;:&quot;1000&quot;,&quot;shutter_speed&quot;:&quot;0.008&quot;,&quot;title&quot;:&quot;&quot;,&quot;orientation&quot;:&quot;1&quot;}\" data-image-title=\"hackbrett_staw2021-101\" data-image-description=\"\" data-medium-file=\"https:\/\/i2.wp.com\/www.hackbrett-band.at\/wordpress\/wp-content\/uploads\/2022\/07\/hackbrett_staw17072021-101.jpg?fit=200%2C300&amp;ssl=1\" data-large-file=\"https:\/\/i2.wp.com\/www.hackbrett-band.at\/wordpress\/wp-content\/uploads\/2022\/07\/hackbrett_staw17072021-101.jpg?fit=683%2C1024&amp;ssl=1\" loading=\"lazy\" class=\"alignnone wp-image-977 size-large\" src=\"https:\/\/i2.wp.com\/www.hackbrett-band.at\/wordpress\/wp-content\/uploads\/2022\/07\/hackbrett_staw17072021-101.jpg?resize=683%2C1024\" alt=\"\" width=\"683\" height=\"1024\" srcset=\"https:\/\/i2.wp.com\/www.hackbrett-band.at\/wordpress\/wp-content\/uploads\/2022\/07\/hackbrett_staw17072021-101.jpg?resize=683%2C1024&amp;ssl=1 683w, https:\/\/i2.wp.com\/www.hackbrett-band.at\/wordpress\/wp-content\/uploads\/2022\/07\/hackbrett_staw17072021-101.jpg?resize=200%2C300&amp;ssl=1 200w, https:\/\/i2.wp.com\/www.hackbrett-band.at\/wordpress\/wp-content\/uploads\/2022\/07\/hackbrett_staw17072021-101.jpg?resize=1024%2C1536&amp;ssl=1 1024w, https:\/\/i2.wp.com\/www.hackbrett-band.at\/wordpress\/wp-content\/uploads\/2022\/07\/hackbrett_staw17072021-101.jpg?resize=1366%2C2048&amp;ssl=1 1366w, https:\/\/i2.wp.com\/www.hackbrett-band.at\/wordpress\/wp-content\/uploads\/2022\/07\/hackbrett_staw17072021-101.jpg?resize=847%2C1270&amp;ssl=1 847w, https:\/\/i2.wp.com\/www.hackbrett-band.at\/wordpress\/wp-content\/uploads\/2022\/07\/hackbrett_staw17072021-101.jpg?w=1575&amp;ssl=1 1575w\" sizes=\"(max-width: 683px) 100vw, 683px\" data-recalc-dims=\"1\" \/><\/h1>\n<h4 style=\"text-align: center; line-height: 150%;\"><i><span lang=\"DE\">Heli hat nach den ersten beiden Volksschuljahren die Blockfl\u00f6te an den Nagel geh\u00e4ngt, sich mit zwei St\u00e4bchen bewaffnet und \u00fcber 10 Jahre<br \/>\n<\/span><\/i><i><span lang=\"DE\">das Fach Schlagwerk in der Musikschule erlernt. Seit seinen Teenager Jahren l\u00e4sst ihn das Musik machen nicht mehr los.<br \/>\n<\/span><\/i><i><span lang=\"DE\">Er war Mitgr\u00fcnder der Gruppe &#8222;The New Kids on the Drums &amp; Session Brothers&#8220;, die am 25. Juli 1992 als Vorgruppe von Bryan Adams im Wiener Praterstadion spielte.<br \/>\n<\/span><\/i><i><span lang=\"DE\">Seit \u00fcber 30 Jahren ist Heli aktives Mitglied der Wiener &#8222;New Orleans Dixieland Jazz &#8211; Szene&#8220; und spielte in zahlreichen Bands<br \/>\n<\/span><\/i><i><span lang=\"DE\">verschiedenster Genres von Pop, Rock \u00fcber Underground bis hin zu Blues und Traditional Dixieland Jazz, wo er noch immer hoch aktiv ist.<br \/>\n<\/span><\/i><i><span lang=\"DE\">Dem nicht genug, sorgt Heli bei unz\u00e4hligen Veranstaltungen im Bereich Tontechnik und PA-Beschallung f\u00fcr den guten Sound.<br \/>\n<\/span><\/i><i><span lang=\"DE\">Logische Folge: Heli ist geschieden. \ud83d\ude09<\/span><\/i><\/h4>\n<p style=\"line-height: 150%;\">\n","protected":false},"excerpt":{"rendered":"<p>Heli hat nach den ersten beiden Volksschuljahren die Blockfl\u00f6te an den Nagel geh\u00e4ngt, sich mit zwei St\u00e4bchen bewaffnet und \u00fcber 10 Jahre das Fach Schlagwerk in der Musikschule erlernt. Seit seinen Teenager Jahren l\u00e4sst ihn das Musik machen nicht mehr los. Er war Mitgr\u00fcnder der Gruppe &#8222;The New Kids on the Drums &amp; Session Brothers&#8220;, &hellip; <\/p>\n<p><a class=\"more-link btn\" href=\"https:\/\/www.hackbrett-band.at\/?page_id=23\">Weiterlesen<\/a><\/p>\n","protected":false},"author":1,"featured_media":114,"parent":0,"menu_order":3,"comment_status":"closed","ping_status":"closed","template":"template-onecolumn.php","meta":{"spay_email":""},"jetpack_sharing_enabled":true,"jetpack_shortlink":"https:\/\/wp.me\/P79FWJ-n","_links":{"self":[{"href":"https:\/\/www.hackbrett-band.at\/index.php?rest_route=\/wp\/v2\/pages\/23"}],"collection":[{"href":"https:\/\/www.hackbrett-band.at\/index.php?rest_route=\/wp\/v2\/pages"}],"about":[{"href":"https:\/\/www.hackbrett-band.at\/index.php?rest_route=\/wp\/v2\/types\/page"}],"author":[{"embeddable":true,"href":"https:\/\/www.hackbrett-band.at\/index.php?rest_route=\/wp\/v2\/users\/1"}],"replies":[{"embeddable":true,"href":"https:\/\/www.hackbrett-band.at\/index.php?rest_route=%2Fwp%2Fv2%2Fcomments&post=23"}],"version-history":[{"count":26,"href":"https:\/\/www.hackbrett-band.at\/index.php?rest_route=\/wp\/v2\/pages\/23\/revisions"}],"predecessor-version":[{"id":1191,"href":"https:\/\/www.hackbrett-band.at\/index.php?rest_route=\/wp\/v2\/pages\/23\/revisions\/1191"}],"wp:featuredmedia":[{"embeddable":true,"href":"https:\/\/www.hackbrett-band.at\/index.php?rest_route=\/wp\/v2\/media\/114"}],"wp:attachment":[{"href":"https:\/\/www.hackbrett-band.at\/index.php?rest_route=%2Fwp%2Fv2%2Fmedia&parent=23"}],"curies":[{"name":"wp","href":"https:\/\/api.w.org\/{rel}","templated":true}]}}