{"id":19,"date":"2016-01-22T11:52:28","date_gmt":"2016-01-22T10:52:28","guid":{"rendered":"http:\/\/www.hackbrett-band.at\/wordpress\/?page_id=19"},"modified":"2022-09-07T01:32:17","modified_gmt":"2022-09-06T23:32:17","slug":"andreas-mueller","status":"publish","type":"page","link":"https:\/\/www.hackbrett-band.at\/?page_id=19","title":{"rendered":"Andi"},"content":{"rendered":"<h1 style=\"text-align: center;\"><img data-attachment-id=\"451\" data-permalink=\"https:\/\/www.hackbrett-band.at\/?attachment_id=451\" data-orig-file=\"https:\/\/i2.wp.com\/www.hackbrett-band.at\/wordpress\/wp-content\/uploads\/2016\/01\/andi3.jpg?fit=2048%2C1365&amp;ssl=1\" data-orig-size=\"2048,1365\" data-comments-opened=\"1\" data-image-meta=\"{&quot;aperture&quot;:&quot;0&quot;,&quot;credit&quot;:&quot;&quot;,&quot;camera&quot;:&quot;&quot;,&quot;caption&quot;:&quot;&quot;,&quot;created_timestamp&quot;:&quot;0&quot;,&quot;copyright&quot;:&quot;&quot;,&quot;focal_length&quot;:&quot;0&quot;,&quot;iso&quot;:&quot;0&quot;,&quot;shutter_speed&quot;:&quot;0&quot;,&quot;title&quot;:&quot;&quot;,&quot;orientation&quot;:&quot;0&quot;}\" data-image-title=\"andi3\" data-image-description=\"\" data-medium-file=\"https:\/\/i2.wp.com\/www.hackbrett-band.at\/wordpress\/wp-content\/uploads\/2016\/01\/andi3.jpg?fit=300%2C200&amp;ssl=1\" data-large-file=\"https:\/\/i2.wp.com\/www.hackbrett-band.at\/wordpress\/wp-content\/uploads\/2016\/01\/andi3.jpg?fit=847%2C565&amp;ssl=1\" loading=\"lazy\" class=\"alignnone size-full wp-image-451\" src=\"https:\/\/i2.wp.com\/www.hackbrett-band.at\/wordpress\/wp-content\/uploads\/2016\/01\/andi3.jpg?resize=847.5%2C565\" alt=\"andi3\" width=\"847\" height=\"565\" srcset=\"https:\/\/i2.wp.com\/www.hackbrett-band.at\/wordpress\/wp-content\/uploads\/2016\/01\/andi3.jpg?w=2048&amp;ssl=1 2048w, https:\/\/i2.wp.com\/www.hackbrett-band.at\/wordpress\/wp-content\/uploads\/2016\/01\/andi3.jpg?resize=300%2C200&amp;ssl=1 300w, https:\/\/i2.wp.com\/www.hackbrett-band.at\/wordpress\/wp-content\/uploads\/2016\/01\/andi3.jpg?resize=1024%2C683&amp;ssl=1 1024w, https:\/\/i2.wp.com\/www.hackbrett-band.at\/wordpress\/wp-content\/uploads\/2016\/01\/andi3.jpg?w=1695 1695w\" sizes=\"(max-width: 847px) 100vw, 847px\" data-recalc-dims=\"1\" \/><\/h1>\n<h4 style=\"text-align: center;\"><i><span lang=\"DE\">Andi genoss ab dem 7. Lebensjahr 11 Jahre lang klassischen Klavierunterricht. In seiner Sturm- und Drang Zeit sammelte er dann Erfahrung als Leads\u00e4nger, Keyboarder und Frontman in einer Gothic-Metal-Band.<br \/>\nMittlerweile steht Andi seit 25 Jahren auf der B\u00fchne und kann auf zahlreiche In- und Auslandsauftritte zur\u00fcckblicken.<br \/>\nSehr gerne steht Andi auch vor der Kamera \u2013 sei es f\u00fcr Filmaufnahmen oder Fotos &#8211; und beeindruck mit unverwechselbarer Mimik. \ud83d\ude09<\/span><\/i><\/h4>\n","protected":false},"excerpt":{"rendered":"<p>Andi genoss ab dem 7. Lebensjahr 11 Jahre lang klassischen Klavierunterricht. In seiner Sturm- und Drang Zeit sammelte er dann Erfahrung als Leads\u00e4nger, Keyboarder und Frontman in einer Gothic-Metal-Band. Mittlerweile steht Andi seit 25 Jahren auf der B\u00fchne und kann auf zahlreiche In- und Auslandsauftritte zur\u00fcckblicken. Sehr gerne steht Andi auch vor der Kamera \u2013 &hellip; <\/p>\n<p><a class=\"more-link btn\" href=\"https:\/\/www.hackbrett-band.at\/?page_id=19\">Weiterlesen<\/a><\/p>\n","protected":false},"author":1,"featured_media":0,"parent":0,"menu_order":2,"comment_status":"closed","ping_status":"closed","template":"template-onecolumn.php","meta":{"spay_email":""},"jetpack_sharing_enabled":true,"jetpack_shortlink":"https:\/\/wp.me\/P79FWJ-j","_links":{"self":[{"href":"https:\/\/www.hackbrett-band.at\/index.php?rest_route=\/wp\/v2\/pages\/19"}],"collection":[{"href":"https:\/\/www.hackbrett-band.at\/index.php?rest_route=\/wp\/v2\/pages"}],"about":[{"href":"https:\/\/www.hackbrett-band.at\/index.php?rest_route=\/wp\/v2\/types\/page"}],"author":[{"embeddable":true,"href":"https:\/\/www.hackbrett-band.at\/index.php?rest_route=\/wp\/v2\/users\/1"}],"replies":[{"embeddable":true,"href":"https:\/\/www.hackbrett-band.at\/index.php?rest_route=%2Fwp%2Fv2%2Fcomments&post=19"}],"version-history":[{"count":31,"href":"https:\/\/www.hackbrett-band.at\/index.php?rest_route=\/wp\/v2\/pages\/19\/revisions"}],"predecessor-version":[{"id":1008,"href":"https:\/\/www.hackbrett-band.at\/index.php?rest_route=\/wp\/v2\/pages\/19\/revisions\/1008"}],"wp:attachment":[{"href":"https:\/\/www.hackbrett-band.at\/index.php?rest_route=%2Fwp%2Fv2%2Fmedia&parent=19"}],"curies":[{"name":"wp","href":"https:\/\/api.w.org\/{rel}","templated":true}]}}