{"id":136,"date":"2016-05-11T10:33:20","date_gmt":"2016-05-11T08:33:20","guid":{"rendered":"http:\/\/www.hackbrett-band.at\/wordpress\/?page_id=136"},"modified":"2026-01-07T10:06:53","modified_gmt":"2026-01-07T09:06:53","slug":"home","status":"publish","type":"page","link":"https:\/\/www.hackbrett-band.at\/","title":{"rendered":"Wir sind HACKBRETT!"},"content":{"rendered":"<h2><strong>DIE Party- und Stimmungsband.<\/strong><\/h2>\n<p>\u00a0<\/p>\n<p><strong>Entertainment f\u00fcr Ohren und Augen &#8211; Soundgenuss zum Mitsingen!<br \/><\/strong><\/p>\n<p>Ein Abend an dem jeder Song ein Hit ist und jeder Ton mit Leidenschaft gespielt wird. Wo Musik nicht nur Entertainment ist, sondern wo kreative Energie auf h\u00f6chstes k\u00fcnstlerisches K\u00f6nnen trifft!<\/p>\n<p>Mit uns wird jeder Abend zur Party &#8211; und jede Party unvergesslich!<\/p>\n\n\n<figure class=\"wp-block-embed-youtube wp-block-embed is-type-video is-provider-youtube wp-embed-aspect-16-9 wp-has-aspect-ratio\"><div class=\"wp-block-embed__wrapper\">\n<span class=\"embed-youtube\" style=\"text-align:center; display: block;\"><iframe class='youtube-player' width='847' height='477' src='https:\/\/www.youtube.com\/embed\/JPT04DWvqmg?version=3&#038;rel=1&#038;showsearch=0&#038;showinfo=1&#038;iv_load_policy=1&#038;fs=1&#038;hl=de-DE&#038;autohide=2&#038;wmode=transparent' allowfullscreen='true' style='border:0;' sandbox='allow-scripts allow-same-origin allow-popups allow-presentation'><\/iframe><\/span>\n<\/div><\/figure>\n\n\n\n<div class=\"alignnormal\"><div id=\"metaslider-id-93\" style=\"max-width: 803px; margin: 0 auto;\" class=\"ml-slider-3-98-0 metaslider metaslider-flex metaslider-93 ml-slider ms-theme-default nav-hidden\" role=\"region\" aria-roledescription=\"Slideshow\" aria-label=\"Die Band\" data-width=\"803\">\n    <div id=\"metaslider_container_93\">\n        <div id=\"metaslider_93\">\n            <ul class='slides'>\n                <li style=\"display: block; width: 100%;\" class=\"slide-725 ms-image \" aria-roledescription=\"slide\" aria-label=\"slide-725\" data-date=\"2019-12-05 10:40:22\"><img src=\"https:\/\/i0.wp.com\/www.hackbrett-band.at\/wordpress\/wp-content\/uploads\/2019\/12\/Hackbrett_Traktor_img3842-1-803x500.jpg?resize=803%2C500&#038;ssl=1\" height=\"500\" width=\"803\" alt=\"\" class=\"slider-93 slide-725\" title=\"Hackbrett_Traktor_img3842\" data-recalc-dims=\"1\" \/><\/li>\n                <li style=\"display: none; width: 100%;\" class=\"slide-728 ms-image \" aria-roledescription=\"slide\" aria-label=\"slide-728\" data-date=\"2019-12-05 10:40:22\"><img src=\"https:\/\/i1.wp.com\/www.hackbrett-band.at\/wordpress\/wp-content\/uploads\/2019\/12\/hackbrett_face_02-1-803x500.jpg?resize=803%2C500&#038;ssl=1\" height=\"500\" width=\"803\" alt=\"\" class=\"slider-93 slide-728\" title=\"hackbrett_face_02\" data-recalc-dims=\"1\" \/><\/li>\n                <li style=\"display: none; width: 100%;\" class=\"slide-990 ms-image \" aria-roledescription=\"slide\" aria-label=\"slide-990\" data-date=\"2022-09-07 00:19:09\"><img src=\"https:\/\/i1.wp.com\/www.hackbrett-band.at\/wordpress\/wp-content\/uploads\/2022\/07\/Foto-\u00a9-Sibera-Dorffest-2022-91-scaled-803x500.jpg?resize=803%2C500&#038;ssl=1\" height=\"500\" width=\"803\" alt=\"\" class=\"slider-93 slide-990\" title=\"Foto \u00a9 Sibera Dorffest 2022 (91)\" data-recalc-dims=\"1\" \/><\/li>\n            <\/ul>\n        <\/div>\n        \n    <\/div>\n<\/div><\/div>\n\n\n\n<p><\/p>\n","protected":false},"excerpt":{"rendered":"<p>DIE Party- und Stimmungsband. \u00a0 Entertainment f\u00fcr Ohren und Augen &#8211; Soundgenuss zum Mitsingen! Ein Abend an dem jeder Song ein Hit ist und jeder Ton mit Leidenschaft gespielt wird. Wo Musik nicht nur Entertainment ist, sondern wo kreative Energie auf h\u00f6chstes k\u00fcnstlerisches K\u00f6nnen trifft! Mit uns wird jeder Abend zur Party &#8211; und jede &hellip; <\/p>\n<p><a class=\"more-link btn\" href=\"https:\/\/www.hackbrett-band.at\/\">Weiterlesen<\/a><\/p>\n","protected":false},"author":1,"featured_media":0,"parent":0,"menu_order":0,"comment_status":"closed","ping_status":"closed","template":"","meta":{"spay_email":""},"jetpack_sharing_enabled":false,"jetpack_shortlink":"https:\/\/wp.me\/P79FWJ-2c","_links":{"self":[{"href":"https:\/\/www.hackbrett-band.at\/index.php?rest_route=\/wp\/v2\/pages\/136"}],"collection":[{"href":"https:\/\/www.hackbrett-band.at\/index.php?rest_route=\/wp\/v2\/pages"}],"about":[{"href":"https:\/\/www.hackbrett-band.at\/index.php?rest_route=\/wp\/v2\/types\/page"}],"author":[{"embeddable":true,"href":"https:\/\/www.hackbrett-band.at\/index.php?rest_route=\/wp\/v2\/users\/1"}],"replies":[{"embeddable":true,"href":"https:\/\/www.hackbrett-band.at\/index.php?rest_route=%2Fwp%2Fv2%2Fcomments&post=136"}],"version-history":[{"count":22,"href":"https:\/\/www.hackbrett-band.at\/index.php?rest_route=\/wp\/v2\/pages\/136\/revisions"}],"predecessor-version":[{"id":1418,"href":"https:\/\/www.hackbrett-band.at\/index.php?rest_route=\/wp\/v2\/pages\/136\/revisions\/1418"}],"wp:attachment":[{"href":"https:\/\/www.hackbrett-band.at\/index.php?rest_route=%2Fwp%2Fv2%2Fmedia&parent=136"}],"curies":[{"name":"wp","href":"https:\/\/api.w.org\/{rel}","templated":true}]}}